{"id":3115,"date":"2019-06-18T10:46:38","date_gmt":"2019-06-18T10:46:38","guid":{"rendered":"https:\/\/srsgroup.se\/alert\/terms-and-conditions\/"},"modified":"2024-06-11T12:39:04","modified_gmt":"2024-06-11T12:39:04","slug":"terms-and-conditions","status":"publish","type":"page","link":"https:\/\/srsgroup.se\/en\/alert\/terms-and-conditions\/","title":{"rendered":"Terms and Conditions"},"content":{"rendered":"","protected":false},"excerpt":{"rendered":"","protected":false},"author":1,"featured_media":0,"parent":2829,"menu_order":0,"comment_status":"closed","ping_status":"closed","template":"","meta":{"_acf_changed":false,"footnotes":""},"class_list":["post-3115","page","type-page","status-publish","hentry"],"acf":[],"yoast_head":"<!-- This site is optimized with the Yoast SEO plugin v27.1 - https:\/\/yoast.com\/product\/yoast-seo-wordpress\/ -->\n<title>SRS Alert terms and conditions | SRS Security<\/title>\n<meta name=\"description\" content=\"Please contact us at support.alert@srsgroup.se with any questions regarding these Terms.\" \/>\n<meta name=\"robots\" content=\"index, follow, max-snippet:-1, max-image-preview:large, max-video-preview:-1\" \/>\n<link rel=\"canonical\" href=\"https:\/\/srsgroup.se\/en\/alert\/terms-and-conditions\/\" \/>\n<meta property=\"og:locale\" content=\"en_US\" \/>\n<meta property=\"og:type\" content=\"article\" \/>\n<meta property=\"og:title\" content=\"SRS Alert terms and conditions | SRS Security\" \/>\n<meta property=\"og:description\" content=\"Please contact us at support.alert@srsgroup.se with any questions regarding these Terms.\" \/>\n<meta property=\"og:url\" content=\"https:\/\/srsgroup.se\/en\/alert\/terms-and-conditions\/\" \/>\n<meta property=\"og:site_name\" content=\"SRS Security\" \/>\n<meta property=\"article:modified_time\" content=\"2024-06-11T12:39:04+00:00\" \/>\n<meta property=\"og:image\" content=\"https:\/\/srsgroup.se\/wp-content\/uploads\/2019\/03\/share-img-srs.png\" \/>\n\t<meta property=\"og:image:width\" content=\"1200\" \/>\n\t<meta property=\"og:image:height\" content=\"630\" \/>\n\t<meta property=\"og:image:type\" content=\"image\/png\" \/>\n<meta name=\"twitter:card\" content=\"summary_large_image\" \/>\n<script type=\"application\/ld+json\" class=\"yoast-schema-graph\">{\"@context\":\"https:\/\/schema.org\",\"@graph\":[{\"@type\":\"WebPage\",\"@id\":\"https:\/\/srsgroup.se\/en\/alert\/terms-and-conditions\/\",\"url\":\"https:\/\/srsgroup.se\/en\/alert\/terms-and-conditions\/\",\"name\":\"SRS Alert terms and conditions | SRS Security\",\"isPartOf\":{\"@id\":\"https:\/\/srsgroup.se\/#website\"},\"datePublished\":\"2019-06-18T10:46:38+00:00\",\"dateModified\":\"2024-06-11T12:39:04+00:00\",\"description\":\"Please contact us at support.alert@srsgroup.se with any questions regarding these Terms.\",\"breadcrumb\":{\"@id\":\"https:\/\/srsgroup.se\/en\/alert\/terms-and-conditions\/#breadcrumb\"},\"inLanguage\":\"en-US\",\"potentialAction\":[{\"@type\":\"ReadAction\",\"target\":[\"https:\/\/srsgroup.se\/en\/alert\/terms-and-conditions\/\"]}]},{\"@type\":\"BreadcrumbList\",\"@id\":\"https:\/\/srsgroup.se\/en\/alert\/terms-and-conditions\/#breadcrumb\",\"itemListElement\":[{\"@type\":\"ListItem\",\"position\":1,\"name\":\"Home\",\"item\":\"https:\/\/srsgroup.se\/en\/\"},{\"@type\":\"ListItem\",\"position\":2,\"name\":\"SRS Alert\",\"item\":\"https:\/\/srsgroup.se\/en\/alert\/\"},{\"@type\":\"ListItem\",\"position\":3,\"name\":\"Terms and Conditions\"}]},{\"@type\":\"WebSite\",\"@id\":\"https:\/\/srsgroup.se\/#website\",\"url\":\"https:\/\/srsgroup.se\/\",\"name\":\"SRS Security\",\"description\":\"Internationellt s\u00e4kerhetsbolag som s\u00e4krar f\u00f6retag, myndigheter och privatpersoner.\",\"potentialAction\":[{\"@type\":\"SearchAction\",\"target\":{\"@type\":\"EntryPoint\",\"urlTemplate\":\"https:\/\/srsgroup.se\/?s={search_term_string}\"},\"query-input\":{\"@type\":\"PropertyValueSpecification\",\"valueRequired\":true,\"valueName\":\"search_term_string\"}}],\"inLanguage\":\"en-US\"}]}<\/script>\n<!-- \/ Yoast SEO plugin. -->","yoast_head_json":{"title":"SRS Alert terms and conditions | SRS Security","description":"Please contact us at support.alert@srsgroup.se with any questions regarding these Terms.","robots":{"index":"index","follow":"follow","max-snippet":"max-snippet:-1","max-image-preview":"max-image-preview:large","max-video-preview":"max-video-preview:-1"},"canonical":"https:\/\/srsgroup.se\/en\/alert\/terms-and-conditions\/","og_locale":"en_US","og_type":"article","og_title":"SRS Alert terms and conditions | SRS Security","og_description":"Please contact us at support.alert@srsgroup.se with any questions regarding these Terms.","og_url":"https:\/\/srsgroup.se\/en\/alert\/terms-and-conditions\/","og_site_name":"SRS Security","article_modified_time":"2024-06-11T12:39:04+00:00","og_image":[{"width":1200,"height":630,"url":"https:\/\/srsgroup.se\/wp-content\/uploads\/2019\/03\/share-img-srs.png","type":"image\/png"}],"twitter_card":"summary_large_image","schema":{"@context":"https:\/\/schema.org","@graph":[{"@type":"WebPage","@id":"https:\/\/srsgroup.se\/en\/alert\/terms-and-conditions\/","url":"https:\/\/srsgroup.se\/en\/alert\/terms-and-conditions\/","name":"SRS Alert terms and conditions | SRS Security","isPartOf":{"@id":"https:\/\/srsgroup.se\/#website"},"datePublished":"2019-06-18T10:46:38+00:00","dateModified":"2024-06-11T12:39:04+00:00","description":"Please contact us at support.alert@srsgroup.se with any questions regarding these Terms.","breadcrumb":{"@id":"https:\/\/srsgroup.se\/en\/alert\/terms-and-conditions\/#breadcrumb"},"inLanguage":"en-US","potentialAction":[{"@type":"ReadAction","target":["https:\/\/srsgroup.se\/en\/alert\/terms-and-conditions\/"]}]},{"@type":"BreadcrumbList","@id":"https:\/\/srsgroup.se\/en\/alert\/terms-and-conditions\/#breadcrumb","itemListElement":[{"@type":"ListItem","position":1,"name":"Home","item":"https:\/\/srsgroup.se\/en\/"},{"@type":"ListItem","position":2,"name":"SRS Alert","item":"https:\/\/srsgroup.se\/en\/alert\/"},{"@type":"ListItem","position":3,"name":"Terms and Conditions"}]},{"@type":"WebSite","@id":"https:\/\/srsgroup.se\/#website","url":"https:\/\/srsgroup.se\/","name":"SRS Security","description":"Internationellt s\u00e4kerhetsbolag som s\u00e4krar f\u00f6retag, myndigheter och privatpersoner.","potentialAction":[{"@type":"SearchAction","target":{"@type":"EntryPoint","urlTemplate":"https:\/\/srsgroup.se\/?s={search_term_string}"},"query-input":{"@type":"PropertyValueSpecification","valueRequired":true,"valueName":"search_term_string"}}],"inLanguage":"en-US"}]}},"_links":{"self":[{"href":"https:\/\/srsgroup.se\/en\/wp-json\/wp\/v2\/pages\/3115","targetHints":{"allow":["GET"]}}],"collection":[{"href":"https:\/\/srsgroup.se\/en\/wp-json\/wp\/v2\/pages"}],"about":[{"href":"https:\/\/srsgroup.se\/en\/wp-json\/wp\/v2\/types\/page"}],"author":[{"embeddable":true,"href":"https:\/\/srsgroup.se\/en\/wp-json\/wp\/v2\/users\/1"}],"replies":[{"embeddable":true,"href":"https:\/\/srsgroup.se\/en\/wp-json\/wp\/v2\/comments?post=3115"}],"version-history":[{"count":3,"href":"https:\/\/srsgroup.se\/en\/wp-json\/wp\/v2\/pages\/3115\/revisions"}],"predecessor-version":[{"id":7377,"href":"https:\/\/srsgroup.se\/en\/wp-json\/wp\/v2\/pages\/3115\/revisions\/7377"}],"up":[{"embeddable":true,"href":"https:\/\/srsgroup.se\/en\/wp-json\/wp\/v2\/pages\/2829"}],"wp:attachment":[{"href":"https:\/\/srsgroup.se\/en\/wp-json\/wp\/v2\/media?parent=3115"}],"curies":[{"name":"wp","href":"https:\/\/api.w.org\/{rel}","templated":true}]}}