{"id":3309,"date":"2019-10-08T08:28:41","date_gmt":"2019-10-08T08:28:41","guid":{"rendered":"https:\/\/srsgroup.se\/vad-ar-bakgrundskontroller\/"},"modified":"2019-12-12T13:04:32","modified_gmt":"2019-12-12T13:04:32","slug":"vad-ar-bakgrundskontroller","status":"publish","type":"page","link":"https:\/\/srsgroup.se\/en\/vad-ar-bakgrundskontroller\/","title":{"rendered":"What is background screening?"},"content":{"rendered":"","protected":false},"excerpt":{"rendered":"","protected":false},"author":1,"featured_media":0,"parent":0,"menu_order":0,"comment_status":"closed","ping_status":"closed","template":"","meta":{"_acf_changed":false,"footnotes":""},"class_list":["post-3309","page","type-page","status-publish","hentry"],"acf":[],"yoast_head":"<!-- This site is optimized with the Yoast SEO plugin v27.1 - https:\/\/yoast.com\/product\/yoast-seo-wordpress\/ -->\n<title>What is background screening? | SRS Security<\/title>\n<meta name=\"description\" content=\"Bakgrundskontroller \u00e4r en s\u00e4kerhetstj\u00e4nst som de flesta st\u00f6rre bolag beh\u00f6ver n\u00e5gon eller flera g\u00e5nger under verksamhetstiden.\" \/>\n<meta name=\"robots\" content=\"index, follow, max-snippet:-1, max-image-preview:large, max-video-preview:-1\" \/>\n<link rel=\"canonical\" href=\"https:\/\/srsgroup.se\/en\/vad-ar-bakgrundskontroller\/\" \/>\n<meta property=\"og:locale\" content=\"en_US\" \/>\n<meta property=\"og:type\" content=\"article\" \/>\n<meta property=\"og:title\" content=\"What is background screening? | SRS Security\" \/>\n<meta property=\"og:description\" content=\"Bakgrundskontroller \u00e4r en s\u00e4kerhetstj\u00e4nst som de flesta st\u00f6rre bolag beh\u00f6ver n\u00e5gon eller flera g\u00e5nger under verksamhetstiden.\" \/>\n<meta property=\"og:url\" content=\"https:\/\/srsgroup.se\/en\/vad-ar-bakgrundskontroller\/\" \/>\n<meta property=\"og:site_name\" content=\"SRS Security\" \/>\n<meta property=\"article:modified_time\" content=\"2019-12-12T13:04:32+00:00\" \/>\n<meta property=\"og:image\" content=\"https:\/\/srsgroup.se\/wp-content\/uploads\/2019\/03\/share-img-srs.png\" \/>\n\t<meta property=\"og:image:width\" content=\"1200\" \/>\n\t<meta property=\"og:image:height\" content=\"630\" \/>\n\t<meta property=\"og:image:type\" content=\"image\/png\" \/>\n<meta name=\"twitter:card\" content=\"summary_large_image\" \/>\n<script type=\"application\/ld+json\" class=\"yoast-schema-graph\">{\"@context\":\"https:\/\/schema.org\",\"@graph\":[{\"@type\":\"WebPage\",\"@id\":\"https:\/\/srsgroup.se\/en\/vad-ar-bakgrundskontroller\/\",\"url\":\"https:\/\/srsgroup.se\/en\/vad-ar-bakgrundskontroller\/\",\"name\":\"What is background screening? | SRS Security\",\"isPartOf\":{\"@id\":\"https:\/\/srsgroup.se\/#website\"},\"datePublished\":\"2019-10-08T08:28:41+00:00\",\"dateModified\":\"2019-12-12T13:04:32+00:00\",\"description\":\"Bakgrundskontroller \u00e4r en s\u00e4kerhetstj\u00e4nst som de flesta st\u00f6rre bolag beh\u00f6ver n\u00e5gon eller flera g\u00e5nger under verksamhetstiden.\",\"breadcrumb\":{\"@id\":\"https:\/\/srsgroup.se\/en\/vad-ar-bakgrundskontroller\/#breadcrumb\"},\"inLanguage\":\"en-US\",\"potentialAction\":[{\"@type\":\"ReadAction\",\"target\":[\"https:\/\/srsgroup.se\/en\/vad-ar-bakgrundskontroller\/\"]}]},{\"@type\":\"BreadcrumbList\",\"@id\":\"https:\/\/srsgroup.se\/en\/vad-ar-bakgrundskontroller\/#breadcrumb\",\"itemListElement\":[{\"@type\":\"ListItem\",\"position\":1,\"name\":\"Home\",\"item\":\"https:\/\/srsgroup.se\/en\/\"},{\"@type\":\"ListItem\",\"position\":2,\"name\":\"What is background screening?\"}]},{\"@type\":\"WebSite\",\"@id\":\"https:\/\/srsgroup.se\/#website\",\"url\":\"https:\/\/srsgroup.se\/\",\"name\":\"SRS Security\",\"description\":\"Internationellt s\u00e4kerhetsbolag som s\u00e4krar f\u00f6retag, myndigheter och privatpersoner.\",\"potentialAction\":[{\"@type\":\"SearchAction\",\"target\":{\"@type\":\"EntryPoint\",\"urlTemplate\":\"https:\/\/srsgroup.se\/?s={search_term_string}\"},\"query-input\":{\"@type\":\"PropertyValueSpecification\",\"valueRequired\":true,\"valueName\":\"search_term_string\"}}],\"inLanguage\":\"en-US\"}]}<\/script>\n<!-- \/ Yoast SEO plugin. -->","yoast_head_json":{"title":"What is background screening? | SRS Security","description":"Bakgrundskontroller \u00e4r en s\u00e4kerhetstj\u00e4nst som de flesta st\u00f6rre bolag beh\u00f6ver n\u00e5gon eller flera g\u00e5nger under verksamhetstiden.","robots":{"index":"index","follow":"follow","max-snippet":"max-snippet:-1","max-image-preview":"max-image-preview:large","max-video-preview":"max-video-preview:-1"},"canonical":"https:\/\/srsgroup.se\/en\/vad-ar-bakgrundskontroller\/","og_locale":"en_US","og_type":"article","og_title":"What is background screening? | SRS Security","og_description":"Bakgrundskontroller \u00e4r en s\u00e4kerhetstj\u00e4nst som de flesta st\u00f6rre bolag beh\u00f6ver n\u00e5gon eller flera g\u00e5nger under verksamhetstiden.","og_url":"https:\/\/srsgroup.se\/en\/vad-ar-bakgrundskontroller\/","og_site_name":"SRS Security","article_modified_time":"2019-12-12T13:04:32+00:00","og_image":[{"width":1200,"height":630,"url":"https:\/\/srsgroup.se\/wp-content\/uploads\/2019\/03\/share-img-srs.png","type":"image\/png"}],"twitter_card":"summary_large_image","schema":{"@context":"https:\/\/schema.org","@graph":[{"@type":"WebPage","@id":"https:\/\/srsgroup.se\/en\/vad-ar-bakgrundskontroller\/","url":"https:\/\/srsgroup.se\/en\/vad-ar-bakgrundskontroller\/","name":"What is background screening? | SRS Security","isPartOf":{"@id":"https:\/\/srsgroup.se\/#website"},"datePublished":"2019-10-08T08:28:41+00:00","dateModified":"2019-12-12T13:04:32+00:00","description":"Bakgrundskontroller \u00e4r en s\u00e4kerhetstj\u00e4nst som de flesta st\u00f6rre bolag beh\u00f6ver n\u00e5gon eller flera g\u00e5nger under verksamhetstiden.","breadcrumb":{"@id":"https:\/\/srsgroup.se\/en\/vad-ar-bakgrundskontroller\/#breadcrumb"},"inLanguage":"en-US","potentialAction":[{"@type":"ReadAction","target":["https:\/\/srsgroup.se\/en\/vad-ar-bakgrundskontroller\/"]}]},{"@type":"BreadcrumbList","@id":"https:\/\/srsgroup.se\/en\/vad-ar-bakgrundskontroller\/#breadcrumb","itemListElement":[{"@type":"ListItem","position":1,"name":"Home","item":"https:\/\/srsgroup.se\/en\/"},{"@type":"ListItem","position":2,"name":"What is background screening?"}]},{"@type":"WebSite","@id":"https:\/\/srsgroup.se\/#website","url":"https:\/\/srsgroup.se\/","name":"SRS Security","description":"Internationellt s\u00e4kerhetsbolag som s\u00e4krar f\u00f6retag, myndigheter och privatpersoner.","potentialAction":[{"@type":"SearchAction","target":{"@type":"EntryPoint","urlTemplate":"https:\/\/srsgroup.se\/?s={search_term_string}"},"query-input":{"@type":"PropertyValueSpecification","valueRequired":true,"valueName":"search_term_string"}}],"inLanguage":"en-US"}]}},"_links":{"self":[{"href":"https:\/\/srsgroup.se\/en\/wp-json\/wp\/v2\/pages\/3309","targetHints":{"allow":["GET"]}}],"collection":[{"href":"https:\/\/srsgroup.se\/en\/wp-json\/wp\/v2\/pages"}],"about":[{"href":"https:\/\/srsgroup.se\/en\/wp-json\/wp\/v2\/types\/page"}],"author":[{"embeddable":true,"href":"https:\/\/srsgroup.se\/en\/wp-json\/wp\/v2\/users\/1"}],"replies":[{"embeddable":true,"href":"https:\/\/srsgroup.se\/en\/wp-json\/wp\/v2\/comments?post=3309"}],"version-history":[{"count":3,"href":"https:\/\/srsgroup.se\/en\/wp-json\/wp\/v2\/pages\/3309\/revisions"}],"predecessor-version":[{"id":3312,"href":"https:\/\/srsgroup.se\/en\/wp-json\/wp\/v2\/pages\/3309\/revisions\/3312"}],"wp:attachment":[{"href":"https:\/\/srsgroup.se\/en\/wp-json\/wp\/v2\/media?parent=3309"}],"curies":[{"name":"wp","href":"https:\/\/api.w.org\/{rel}","templated":true}]}}