{"id":3414,"date":"2020-03-24T13:55:46","date_gmt":"2020-03-24T13:55:46","guid":{"rendered":"https:\/\/srsgroup.se\/?page_id=3414"},"modified":"2021-02-15T10:58:34","modified_gmt":"2021-02-15T10:58:34","slug":"operational-technology","status":"publish","type":"page","link":"https:\/\/srsgroup.se\/en\/services\/operational-technology\/","title":{"rendered":"Operational technology"},"content":{"rendered":"","protected":false},"excerpt":{"rendered":"","protected":false},"author":1,"featured_media":0,"parent":2768,"menu_order":35,"comment_status":"closed","ping_status":"closed","template":"","meta":{"_acf_changed":false,"footnotes":""},"class_list":["post-3414","page","type-page","status-publish","hentry"],"acf":[],"yoast_head":"<!-- This site is optimized with the Yoast SEO plugin v27.1 - https:\/\/yoast.com\/product\/yoast-seo-wordpress\/ -->\n<title>Operational technology | SRS Security<\/title>\n<meta name=\"description\" content=\"Today, technology occupies large parts of our lives. SRS Operational Technology protects you from modern-day technological threats.\" \/>\n<meta name=\"robots\" content=\"index, follow, max-snippet:-1, max-image-preview:large, max-video-preview:-1\" \/>\n<link rel=\"canonical\" href=\"https:\/\/srsgroup.se\/en\/services\/operational-technology\/\" \/>\n<meta property=\"og:locale\" content=\"en_US\" \/>\n<meta property=\"og:type\" content=\"article\" \/>\n<meta property=\"og:title\" content=\"Operational technology | SRS Security\" \/>\n<meta property=\"og:description\" content=\"Today, technology occupies large parts of our lives. SRS Operational Technology protects you from modern-day technological threats.\" \/>\n<meta property=\"og:url\" content=\"https:\/\/srsgroup.se\/en\/services\/operational-technology\/\" \/>\n<meta property=\"og:site_name\" content=\"SRS Security\" \/>\n<meta property=\"article:modified_time\" content=\"2021-02-15T10:58:34+00:00\" \/>\n<meta property=\"og:image\" content=\"https:\/\/srsgroup.se\/wp-content\/uploads\/2020\/01\/optek.jpg\" \/>\n\t<meta property=\"og:image:width\" content=\"1280\" \/>\n\t<meta property=\"og:image:height\" content=\"720\" \/>\n\t<meta property=\"og:image:type\" content=\"image\/jpeg\" \/>\n<meta name=\"twitter:card\" content=\"summary_large_image\" \/>\n<script type=\"application\/ld+json\" class=\"yoast-schema-graph\">{\"@context\":\"https:\/\/schema.org\",\"@graph\":[{\"@type\":\"WebPage\",\"@id\":\"https:\/\/srsgroup.se\/en\/services\/operational-technology\/\",\"url\":\"https:\/\/srsgroup.se\/en\/services\/operational-technology\/\",\"name\":\"Operational technology | SRS Security\",\"isPartOf\":{\"@id\":\"https:\/\/srsgroup.se\/#website\"},\"datePublished\":\"2020-03-24T13:55:46+00:00\",\"dateModified\":\"2021-02-15T10:58:34+00:00\",\"description\":\"Today, technology occupies large parts of our lives. SRS Operational Technology protects you from modern-day technological threats.\",\"breadcrumb\":{\"@id\":\"https:\/\/srsgroup.se\/en\/services\/operational-technology\/#breadcrumb\"},\"inLanguage\":\"en-US\",\"potentialAction\":[{\"@type\":\"ReadAction\",\"target\":[\"https:\/\/srsgroup.se\/en\/services\/operational-technology\/\"]}]},{\"@type\":\"BreadcrumbList\",\"@id\":\"https:\/\/srsgroup.se\/en\/services\/operational-technology\/#breadcrumb\",\"itemListElement\":[{\"@type\":\"ListItem\",\"position\":1,\"name\":\"Home\",\"item\":\"https:\/\/srsgroup.se\/en\/\"},{\"@type\":\"ListItem\",\"position\":2,\"name\":\"Services\",\"item\":\"https:\/\/srsgroup.se\/en\/services\/\"},{\"@type\":\"ListItem\",\"position\":3,\"name\":\"Operational technology\"}]},{\"@type\":\"WebSite\",\"@id\":\"https:\/\/srsgroup.se\/#website\",\"url\":\"https:\/\/srsgroup.se\/\",\"name\":\"SRS Security\",\"description\":\"Internationellt s\u00e4kerhetsbolag som s\u00e4krar f\u00f6retag, myndigheter och privatpersoner.\",\"potentialAction\":[{\"@type\":\"SearchAction\",\"target\":{\"@type\":\"EntryPoint\",\"urlTemplate\":\"https:\/\/srsgroup.se\/?s={search_term_string}\"},\"query-input\":{\"@type\":\"PropertyValueSpecification\",\"valueRequired\":true,\"valueName\":\"search_term_string\"}}],\"inLanguage\":\"en-US\"}]}<\/script>\n<!-- \/ Yoast SEO plugin. -->","yoast_head_json":{"title":"Operational technology | SRS Security","description":"Today, technology occupies large parts of our lives. SRS Operational Technology protects you from modern-day technological threats.","robots":{"index":"index","follow":"follow","max-snippet":"max-snippet:-1","max-image-preview":"max-image-preview:large","max-video-preview":"max-video-preview:-1"},"canonical":"https:\/\/srsgroup.se\/en\/services\/operational-technology\/","og_locale":"en_US","og_type":"article","og_title":"Operational technology | SRS Security","og_description":"Today, technology occupies large parts of our lives. SRS Operational Technology protects you from modern-day technological threats.","og_url":"https:\/\/srsgroup.se\/en\/services\/operational-technology\/","og_site_name":"SRS Security","article_modified_time":"2021-02-15T10:58:34+00:00","og_image":[{"width":1280,"height":720,"url":"https:\/\/srsgroup.se\/wp-content\/uploads\/2020\/01\/optek.jpg","type":"image\/jpeg"}],"twitter_card":"summary_large_image","schema":{"@context":"https:\/\/schema.org","@graph":[{"@type":"WebPage","@id":"https:\/\/srsgroup.se\/en\/services\/operational-technology\/","url":"https:\/\/srsgroup.se\/en\/services\/operational-technology\/","name":"Operational technology | SRS Security","isPartOf":{"@id":"https:\/\/srsgroup.se\/#website"},"datePublished":"2020-03-24T13:55:46+00:00","dateModified":"2021-02-15T10:58:34+00:00","description":"Today, technology occupies large parts of our lives. SRS Operational Technology protects you from modern-day technological threats.","breadcrumb":{"@id":"https:\/\/srsgroup.se\/en\/services\/operational-technology\/#breadcrumb"},"inLanguage":"en-US","potentialAction":[{"@type":"ReadAction","target":["https:\/\/srsgroup.se\/en\/services\/operational-technology\/"]}]},{"@type":"BreadcrumbList","@id":"https:\/\/srsgroup.se\/en\/services\/operational-technology\/#breadcrumb","itemListElement":[{"@type":"ListItem","position":1,"name":"Home","item":"https:\/\/srsgroup.se\/en\/"},{"@type":"ListItem","position":2,"name":"Services","item":"https:\/\/srsgroup.se\/en\/services\/"},{"@type":"ListItem","position":3,"name":"Operational technology"}]},{"@type":"WebSite","@id":"https:\/\/srsgroup.se\/#website","url":"https:\/\/srsgroup.se\/","name":"SRS Security","description":"Internationellt s\u00e4kerhetsbolag som s\u00e4krar f\u00f6retag, myndigheter och privatpersoner.","potentialAction":[{"@type":"SearchAction","target":{"@type":"EntryPoint","urlTemplate":"https:\/\/srsgroup.se\/?s={search_term_string}"},"query-input":{"@type":"PropertyValueSpecification","valueRequired":true,"valueName":"search_term_string"}}],"inLanguage":"en-US"}]}},"_links":{"self":[{"href":"https:\/\/srsgroup.se\/en\/wp-json\/wp\/v2\/pages\/3414","targetHints":{"allow":["GET"]}}],"collection":[{"href":"https:\/\/srsgroup.se\/en\/wp-json\/wp\/v2\/pages"}],"about":[{"href":"https:\/\/srsgroup.se\/en\/wp-json\/wp\/v2\/types\/page"}],"author":[{"embeddable":true,"href":"https:\/\/srsgroup.se\/en\/wp-json\/wp\/v2\/users\/1"}],"replies":[{"embeddable":true,"href":"https:\/\/srsgroup.se\/en\/wp-json\/wp\/v2\/comments?post=3414"}],"version-history":[{"count":10,"href":"https:\/\/srsgroup.se\/en\/wp-json\/wp\/v2\/pages\/3414\/revisions"}],"predecessor-version":[{"id":4158,"href":"https:\/\/srsgroup.se\/en\/wp-json\/wp\/v2\/pages\/3414\/revisions\/4158"}],"up":[{"embeddable":true,"href":"https:\/\/srsgroup.se\/en\/wp-json\/wp\/v2\/pages\/2768"}],"wp:attachment":[{"href":"https:\/\/srsgroup.se\/en\/wp-json\/wp\/v2\/media?parent=3414"}],"curies":[{"name":"wp","href":"https:\/\/api.w.org\/{rel}","templated":true}]}}