{"id":453,"date":"2019-03-29T14:24:56","date_gmt":"2019-03-29T14:24:56","guid":{"rendered":"https:\/\/srsgroup.se\/?page_id=453"},"modified":"2019-03-31T10:35:33","modified_gmt":"2019-03-31T10:35:33","slug":"case-close-protection-southern-europe","status":"publish","type":"page","link":"https:\/\/srsgroup.se\/en\/case-close-protection-southern-europe\/","title":{"rendered":"Case: Close protection, Southern Europe"},"content":{"rendered":"","protected":false},"excerpt":{"rendered":"","protected":false},"author":1,"featured_media":0,"parent":0,"menu_order":16,"comment_status":"closed","ping_status":"closed","template":"","meta":{"_acf_changed":false,"footnotes":""},"class_list":["post-453","page","type-page","status-publish","hentry"],"acf":[],"yoast_head":"<!-- This site is optimized with the Yoast SEO plugin v27.1 - https:\/\/yoast.com\/product\/yoast-seo-wordpress\/ -->\n<title>Case: Close protection, Southern Europe | SRS Security<\/title>\n<meta name=\"description\" content=\"Case: Close protection, Southern Europe\" \/>\n<meta name=\"robots\" content=\"index, follow, max-snippet:-1, max-image-preview:large, max-video-preview:-1\" \/>\n<link rel=\"canonical\" href=\"https:\/\/srsgroup.se\/en\/case-close-protection-southern-europe\/\" \/>\n<meta property=\"og:locale\" content=\"en_US\" \/>\n<meta property=\"og:type\" content=\"article\" \/>\n<meta property=\"og:title\" content=\"Case: Close protection, Southern Europe | SRS Security\" \/>\n<meta property=\"og:description\" content=\"Case: Close protection, Southern Europe\" \/>\n<meta property=\"og:url\" content=\"https:\/\/srsgroup.se\/en\/case-close-protection-southern-europe\/\" \/>\n<meta property=\"og:site_name\" content=\"SRS Security\" \/>\n<meta property=\"article:modified_time\" content=\"2019-03-31T10:35:33+00:00\" \/>\n<meta property=\"og:image\" content=\"https:\/\/srsgroup.se\/wp-content\/uploads\/2019\/03\/share-img-srs.png\" \/>\n\t<meta property=\"og:image:width\" content=\"1200\" \/>\n\t<meta property=\"og:image:height\" content=\"630\" \/>\n\t<meta property=\"og:image:type\" content=\"image\/png\" \/>\n<meta name=\"twitter:card\" content=\"summary_large_image\" \/>\n<script type=\"application\/ld+json\" class=\"yoast-schema-graph\">{\"@context\":\"https:\/\/schema.org\",\"@graph\":[{\"@type\":\"WebPage\",\"@id\":\"https:\/\/srsgroup.se\/en\/case-close-protection-southern-europe\/\",\"url\":\"https:\/\/srsgroup.se\/en\/case-close-protection-southern-europe\/\",\"name\":\"Case: Close protection, Southern Europe | SRS Security\",\"isPartOf\":{\"@id\":\"https:\/\/srsgroup.se\/#website\"},\"datePublished\":\"2019-03-29T14:24:56+00:00\",\"dateModified\":\"2019-03-31T10:35:33+00:00\",\"description\":\"Case: Close protection, Southern Europe\",\"breadcrumb\":{\"@id\":\"https:\/\/srsgroup.se\/en\/case-close-protection-southern-europe\/#breadcrumb\"},\"inLanguage\":\"en-US\",\"potentialAction\":[{\"@type\":\"ReadAction\",\"target\":[\"https:\/\/srsgroup.se\/en\/case-close-protection-southern-europe\/\"]}]},{\"@type\":\"BreadcrumbList\",\"@id\":\"https:\/\/srsgroup.se\/en\/case-close-protection-southern-europe\/#breadcrumb\",\"itemListElement\":[{\"@type\":\"ListItem\",\"position\":1,\"name\":\"Home\",\"item\":\"https:\/\/srsgroup.se\/en\/\"},{\"@type\":\"ListItem\",\"position\":2,\"name\":\"Case: Close protection, Southern Europe\"}]},{\"@type\":\"WebSite\",\"@id\":\"https:\/\/srsgroup.se\/#website\",\"url\":\"https:\/\/srsgroup.se\/\",\"name\":\"SRS Security\",\"description\":\"Internationellt s\u00e4kerhetsbolag som s\u00e4krar f\u00f6retag, myndigheter och privatpersoner.\",\"potentialAction\":[{\"@type\":\"SearchAction\",\"target\":{\"@type\":\"EntryPoint\",\"urlTemplate\":\"https:\/\/srsgroup.se\/?s={search_term_string}\"},\"query-input\":{\"@type\":\"PropertyValueSpecification\",\"valueRequired\":true,\"valueName\":\"search_term_string\"}}],\"inLanguage\":\"en-US\"}]}<\/script>\n<!-- \/ Yoast SEO plugin. -->","yoast_head_json":{"title":"Case: Close protection, Southern Europe | SRS Security","description":"Case: Close protection, Southern Europe","robots":{"index":"index","follow":"follow","max-snippet":"max-snippet:-1","max-image-preview":"max-image-preview:large","max-video-preview":"max-video-preview:-1"},"canonical":"https:\/\/srsgroup.se\/en\/case-close-protection-southern-europe\/","og_locale":"en_US","og_type":"article","og_title":"Case: Close protection, Southern Europe | SRS Security","og_description":"Case: Close protection, Southern Europe","og_url":"https:\/\/srsgroup.se\/en\/case-close-protection-southern-europe\/","og_site_name":"SRS Security","article_modified_time":"2019-03-31T10:35:33+00:00","og_image":[{"width":1200,"height":630,"url":"https:\/\/srsgroup.se\/wp-content\/uploads\/2019\/03\/share-img-srs.png","type":"image\/png"}],"twitter_card":"summary_large_image","schema":{"@context":"https:\/\/schema.org","@graph":[{"@type":"WebPage","@id":"https:\/\/srsgroup.se\/en\/case-close-protection-southern-europe\/","url":"https:\/\/srsgroup.se\/en\/case-close-protection-southern-europe\/","name":"Case: Close protection, Southern Europe | SRS Security","isPartOf":{"@id":"https:\/\/srsgroup.se\/#website"},"datePublished":"2019-03-29T14:24:56+00:00","dateModified":"2019-03-31T10:35:33+00:00","description":"Case: Close protection, Southern Europe","breadcrumb":{"@id":"https:\/\/srsgroup.se\/en\/case-close-protection-southern-europe\/#breadcrumb"},"inLanguage":"en-US","potentialAction":[{"@type":"ReadAction","target":["https:\/\/srsgroup.se\/en\/case-close-protection-southern-europe\/"]}]},{"@type":"BreadcrumbList","@id":"https:\/\/srsgroup.se\/en\/case-close-protection-southern-europe\/#breadcrumb","itemListElement":[{"@type":"ListItem","position":1,"name":"Home","item":"https:\/\/srsgroup.se\/en\/"},{"@type":"ListItem","position":2,"name":"Case: Close protection, Southern Europe"}]},{"@type":"WebSite","@id":"https:\/\/srsgroup.se\/#website","url":"https:\/\/srsgroup.se\/","name":"SRS Security","description":"Internationellt s\u00e4kerhetsbolag som s\u00e4krar f\u00f6retag, myndigheter och privatpersoner.","potentialAction":[{"@type":"SearchAction","target":{"@type":"EntryPoint","urlTemplate":"https:\/\/srsgroup.se\/?s={search_term_string}"},"query-input":{"@type":"PropertyValueSpecification","valueRequired":true,"valueName":"search_term_string"}}],"inLanguage":"en-US"}]}},"_links":{"self":[{"href":"https:\/\/srsgroup.se\/en\/wp-json\/wp\/v2\/pages\/453","targetHints":{"allow":["GET"]}}],"collection":[{"href":"https:\/\/srsgroup.se\/en\/wp-json\/wp\/v2\/pages"}],"about":[{"href":"https:\/\/srsgroup.se\/en\/wp-json\/wp\/v2\/types\/page"}],"author":[{"embeddable":true,"href":"https:\/\/srsgroup.se\/en\/wp-json\/wp\/v2\/users\/1"}],"replies":[{"embeddable":true,"href":"https:\/\/srsgroup.se\/en\/wp-json\/wp\/v2\/comments?post=453"}],"version-history":[{"count":1,"href":"https:\/\/srsgroup.se\/en\/wp-json\/wp\/v2\/pages\/453\/revisions"}],"predecessor-version":[{"id":456,"href":"https:\/\/srsgroup.se\/en\/wp-json\/wp\/v2\/pages\/453\/revisions\/456"}],"wp:attachment":[{"href":"https:\/\/srsgroup.se\/en\/wp-json\/wp\/v2\/media?parent=453"}],"curies":[{"name":"wp","href":"https:\/\/api.w.org\/{rel}","templated":true}]}}