{"id":608,"date":"2019-03-31T23:38:11","date_gmt":"2019-03-31T23:38:11","guid":{"rendered":"https:\/\/srsgroup.se\/?page_id=608"},"modified":"2022-06-16T14:41:01","modified_gmt":"2022-06-16T14:41:01","slug":"srs-readiness-review","status":"publish","type":"page","link":"https:\/\/srsgroup.se\/en\/srs-readiness-review\/","title":{"rendered":"Readiness Review &#8211; achieving best practice solutions for staff in risk environments"},"content":{"rendered":"","protected":false},"excerpt":{"rendered":"","protected":false},"author":1,"featured_media":0,"parent":0,"menu_order":0,"comment_status":"closed","ping_status":"closed","template":"","meta":{"_acf_changed":false,"footnotes":""},"class_list":["post-608","page","type-page","status-publish","hentry"],"acf":[],"yoast_head":"<!-- This site is optimized with the Yoast SEO plugin v27.1 - https:\/\/yoast.com\/product\/yoast-seo-wordpress\/ -->\n<title>SRS Readiness Review | SRS Security<\/title>\n<meta name=\"description\" content=\"SRS Readiness Review delivers tailored solutions for both individuals and organisations in risk environments.\" \/>\n<meta name=\"robots\" content=\"index, follow, max-snippet:-1, max-image-preview:large, max-video-preview:-1\" \/>\n<link rel=\"canonical\" href=\"https:\/\/srsgroup.se\/en\/srs-readiness-review\/\" \/>\n<meta property=\"og:locale\" content=\"en_US\" \/>\n<meta property=\"og:type\" content=\"article\" \/>\n<meta property=\"og:title\" content=\"SRS Readiness Review | SRS Security\" \/>\n<meta property=\"og:description\" content=\"SRS Readiness Review delivers tailored solutions for both individuals and organisations in risk environments.\" \/>\n<meta property=\"og:url\" content=\"https:\/\/srsgroup.se\/en\/srs-readiness-review\/\" \/>\n<meta property=\"og:site_name\" content=\"SRS Security\" \/>\n<meta property=\"article:modified_time\" content=\"2022-06-16T14:41:01+00:00\" \/>\n<meta property=\"og:image\" content=\"https:\/\/srsgroup.se\/wp-content\/uploads\/2019\/03\/share-img-srs.png\" \/>\n\t<meta property=\"og:image:width\" content=\"1200\" \/>\n\t<meta property=\"og:image:height\" content=\"630\" \/>\n\t<meta property=\"og:image:type\" content=\"image\/png\" \/>\n<meta name=\"twitter:card\" content=\"summary_large_image\" \/>\n<script type=\"application\/ld+json\" class=\"yoast-schema-graph\">{\"@context\":\"https:\/\/schema.org\",\"@graph\":[{\"@type\":\"WebPage\",\"@id\":\"https:\/\/srsgroup.se\/en\/srs-readiness-review\/\",\"url\":\"https:\/\/srsgroup.se\/en\/srs-readiness-review\/\",\"name\":\"SRS Readiness Review | SRS Security\",\"isPartOf\":{\"@id\":\"https:\/\/srsgroup.se\/#website\"},\"datePublished\":\"2019-03-31T23:38:11+00:00\",\"dateModified\":\"2022-06-16T14:41:01+00:00\",\"description\":\"SRS Readiness Review delivers tailored solutions for both individuals and organisations in risk environments.\",\"breadcrumb\":{\"@id\":\"https:\/\/srsgroup.se\/en\/srs-readiness-review\/#breadcrumb\"},\"inLanguage\":\"en-US\",\"potentialAction\":[{\"@type\":\"ReadAction\",\"target\":[\"https:\/\/srsgroup.se\/en\/srs-readiness-review\/\"]}]},{\"@type\":\"BreadcrumbList\",\"@id\":\"https:\/\/srsgroup.se\/en\/srs-readiness-review\/#breadcrumb\",\"itemListElement\":[{\"@type\":\"ListItem\",\"position\":1,\"name\":\"Home\",\"item\":\"https:\/\/srsgroup.se\/en\/\"},{\"@type\":\"ListItem\",\"position\":2,\"name\":\"Readiness Review &#8211; achieving best practice solutions for staff in risk environments\"}]},{\"@type\":\"WebSite\",\"@id\":\"https:\/\/srsgroup.se\/#website\",\"url\":\"https:\/\/srsgroup.se\/\",\"name\":\"SRS Security\",\"description\":\"Internationellt s\u00e4kerhetsbolag som s\u00e4krar f\u00f6retag, myndigheter och privatpersoner.\",\"potentialAction\":[{\"@type\":\"SearchAction\",\"target\":{\"@type\":\"EntryPoint\",\"urlTemplate\":\"https:\/\/srsgroup.se\/?s={search_term_string}\"},\"query-input\":{\"@type\":\"PropertyValueSpecification\",\"valueRequired\":true,\"valueName\":\"search_term_string\"}}],\"inLanguage\":\"en-US\"}]}<\/script>\n<!-- \/ Yoast SEO plugin. -->","yoast_head_json":{"title":"SRS Readiness Review | SRS Security","description":"SRS Readiness Review delivers tailored solutions for both individuals and organisations in risk environments.","robots":{"index":"index","follow":"follow","max-snippet":"max-snippet:-1","max-image-preview":"max-image-preview:large","max-video-preview":"max-video-preview:-1"},"canonical":"https:\/\/srsgroup.se\/en\/srs-readiness-review\/","og_locale":"en_US","og_type":"article","og_title":"SRS Readiness Review | SRS Security","og_description":"SRS Readiness Review delivers tailored solutions for both individuals and organisations in risk environments.","og_url":"https:\/\/srsgroup.se\/en\/srs-readiness-review\/","og_site_name":"SRS Security","article_modified_time":"2022-06-16T14:41:01+00:00","og_image":[{"width":1200,"height":630,"url":"https:\/\/srsgroup.se\/wp-content\/uploads\/2019\/03\/share-img-srs.png","type":"image\/png"}],"twitter_card":"summary_large_image","schema":{"@context":"https:\/\/schema.org","@graph":[{"@type":"WebPage","@id":"https:\/\/srsgroup.se\/en\/srs-readiness-review\/","url":"https:\/\/srsgroup.se\/en\/srs-readiness-review\/","name":"SRS Readiness Review | SRS Security","isPartOf":{"@id":"https:\/\/srsgroup.se\/#website"},"datePublished":"2019-03-31T23:38:11+00:00","dateModified":"2022-06-16T14:41:01+00:00","description":"SRS Readiness Review delivers tailored solutions for both individuals and organisations in risk environments.","breadcrumb":{"@id":"https:\/\/srsgroup.se\/en\/srs-readiness-review\/#breadcrumb"},"inLanguage":"en-US","potentialAction":[{"@type":"ReadAction","target":["https:\/\/srsgroup.se\/en\/srs-readiness-review\/"]}]},{"@type":"BreadcrumbList","@id":"https:\/\/srsgroup.se\/en\/srs-readiness-review\/#breadcrumb","itemListElement":[{"@type":"ListItem","position":1,"name":"Home","item":"https:\/\/srsgroup.se\/en\/"},{"@type":"ListItem","position":2,"name":"Readiness Review &#8211; achieving best practice solutions for staff in risk environments"}]},{"@type":"WebSite","@id":"https:\/\/srsgroup.se\/#website","url":"https:\/\/srsgroup.se\/","name":"SRS Security","description":"Internationellt s\u00e4kerhetsbolag som s\u00e4krar f\u00f6retag, myndigheter och privatpersoner.","potentialAction":[{"@type":"SearchAction","target":{"@type":"EntryPoint","urlTemplate":"https:\/\/srsgroup.se\/?s={search_term_string}"},"query-input":{"@type":"PropertyValueSpecification","valueRequired":true,"valueName":"search_term_string"}}],"inLanguage":"en-US"}]}},"_links":{"self":[{"href":"https:\/\/srsgroup.se\/en\/wp-json\/wp\/v2\/pages\/608","targetHints":{"allow":["GET"]}}],"collection":[{"href":"https:\/\/srsgroup.se\/en\/wp-json\/wp\/v2\/pages"}],"about":[{"href":"https:\/\/srsgroup.se\/en\/wp-json\/wp\/v2\/types\/page"}],"author":[{"embeddable":true,"href":"https:\/\/srsgroup.se\/en\/wp-json\/wp\/v2\/users\/1"}],"replies":[{"embeddable":true,"href":"https:\/\/srsgroup.se\/en\/wp-json\/wp\/v2\/comments?post=608"}],"version-history":[{"count":1,"href":"https:\/\/srsgroup.se\/en\/wp-json\/wp\/v2\/pages\/608\/revisions"}],"predecessor-version":[{"id":611,"href":"https:\/\/srsgroup.se\/en\/wp-json\/wp\/v2\/pages\/608\/revisions\/611"}],"wp:attachment":[{"href":"https:\/\/srsgroup.se\/en\/wp-json\/wp\/v2\/media?parent=608"}],"curies":[{"name":"wp","href":"https:\/\/api.w.org\/{rel}","templated":true}]}}