{"id":6137,"date":"2022-07-27T07:28:20","date_gmt":"2022-07-27T07:28:20","guid":{"rendered":"https:\/\/srsgroup.se\/?page_id=6137"},"modified":"2024-01-25T14:19:13","modified_gmt":"2024-01-25T14:19:13","slug":"whistleblowing","status":"publish","type":"page","link":"https:\/\/srsgroup.se\/en\/services\/whistleblowing\/","title":{"rendered":"Whistleblowing"},"content":{"rendered":"","protected":false},"excerpt":{"rendered":"","protected":false},"author":23,"featured_media":0,"parent":2768,"menu_order":35,"comment_status":"closed","ping_status":"closed","template":"","meta":{"_acf_changed":false,"footnotes":""},"class_list":["post-6137","page","type-page","status-publish","hentry"],"acf":[],"yoast_head":"<!-- This site is optimized with the Yoast SEO plugin v27.1 - https:\/\/yoast.com\/product\/yoast-seo-wordpress\/ -->\n<title>Whistleblowing | SRS Security<\/title>\n<meta name=\"description\" content=\"SRS Security offers unique cutting-edge expertise in Swedish protective security legislation.\" \/>\n<meta name=\"robots\" content=\"index, follow, max-snippet:-1, max-image-preview:large, max-video-preview:-1\" \/>\n<link rel=\"canonical\" href=\"https:\/\/srsgroup.se\/en\/services\/whistleblowing\/\" \/>\n<meta property=\"og:locale\" content=\"en_US\" \/>\n<meta property=\"og:type\" content=\"article\" \/>\n<meta property=\"og:title\" content=\"Whistleblowing | SRS Security\" \/>\n<meta property=\"og:description\" content=\"SRS Security offers unique cutting-edge expertise in Swedish protective security legislation.\" \/>\n<meta property=\"og:url\" content=\"https:\/\/srsgroup.se\/en\/services\/whistleblowing\/\" \/>\n<meta property=\"og:site_name\" content=\"SRS Security\" \/>\n<meta property=\"article:modified_time\" content=\"2024-01-25T14:19:13+00:00\" \/>\n<meta property=\"og:image\" content=\"https:\/\/srsgroup.se\/wp-content\/uploads\/2019\/03\/share-img-srs.png\" \/>\n\t<meta property=\"og:image:width\" content=\"1200\" \/>\n\t<meta property=\"og:image:height\" content=\"630\" \/>\n\t<meta property=\"og:image:type\" content=\"image\/png\" \/>\n<meta name=\"twitter:card\" content=\"summary_large_image\" \/>\n<script type=\"application\/ld+json\" class=\"yoast-schema-graph\">{\"@context\":\"https:\/\/schema.org\",\"@graph\":[{\"@type\":\"WebPage\",\"@id\":\"https:\/\/srsgroup.se\/en\/services\/whistleblowing\/\",\"url\":\"https:\/\/srsgroup.se\/en\/services\/whistleblowing\/\",\"name\":\"Whistleblowing | SRS Security\",\"isPartOf\":{\"@id\":\"https:\/\/srsgroup.se\/#website\"},\"datePublished\":\"2022-07-27T07:28:20+00:00\",\"dateModified\":\"2024-01-25T14:19:13+00:00\",\"description\":\"SRS Security offers unique cutting-edge expertise in Swedish protective security legislation.\",\"breadcrumb\":{\"@id\":\"https:\/\/srsgroup.se\/en\/services\/whistleblowing\/#breadcrumb\"},\"inLanguage\":\"en-US\",\"potentialAction\":[{\"@type\":\"ReadAction\",\"target\":[\"https:\/\/srsgroup.se\/en\/services\/whistleblowing\/\"]}]},{\"@type\":\"BreadcrumbList\",\"@id\":\"https:\/\/srsgroup.se\/en\/services\/whistleblowing\/#breadcrumb\",\"itemListElement\":[{\"@type\":\"ListItem\",\"position\":1,\"name\":\"Home\",\"item\":\"https:\/\/srsgroup.se\/en\/\"},{\"@type\":\"ListItem\",\"position\":2,\"name\":\"Services\",\"item\":\"https:\/\/srsgroup.se\/en\/services\/\"},{\"@type\":\"ListItem\",\"position\":3,\"name\":\"Whistleblowing\"}]},{\"@type\":\"WebSite\",\"@id\":\"https:\/\/srsgroup.se\/#website\",\"url\":\"https:\/\/srsgroup.se\/\",\"name\":\"SRS Security\",\"description\":\"Internationellt s\u00e4kerhetsbolag som s\u00e4krar f\u00f6retag, myndigheter och privatpersoner.\",\"potentialAction\":[{\"@type\":\"SearchAction\",\"target\":{\"@type\":\"EntryPoint\",\"urlTemplate\":\"https:\/\/srsgroup.se\/?s={search_term_string}\"},\"query-input\":{\"@type\":\"PropertyValueSpecification\",\"valueRequired\":true,\"valueName\":\"search_term_string\"}}],\"inLanguage\":\"en-US\"}]}<\/script>\n<!-- \/ Yoast SEO plugin. -->","yoast_head_json":{"title":"Whistleblowing | SRS Security","description":"SRS Security offers unique cutting-edge expertise in Swedish protective security legislation.","robots":{"index":"index","follow":"follow","max-snippet":"max-snippet:-1","max-image-preview":"max-image-preview:large","max-video-preview":"max-video-preview:-1"},"canonical":"https:\/\/srsgroup.se\/en\/services\/whistleblowing\/","og_locale":"en_US","og_type":"article","og_title":"Whistleblowing | SRS Security","og_description":"SRS Security offers unique cutting-edge expertise in Swedish protective security legislation.","og_url":"https:\/\/srsgroup.se\/en\/services\/whistleblowing\/","og_site_name":"SRS Security","article_modified_time":"2024-01-25T14:19:13+00:00","og_image":[{"width":1200,"height":630,"url":"https:\/\/srsgroup.se\/wp-content\/uploads\/2019\/03\/share-img-srs.png","type":"image\/png"}],"twitter_card":"summary_large_image","schema":{"@context":"https:\/\/schema.org","@graph":[{"@type":"WebPage","@id":"https:\/\/srsgroup.se\/en\/services\/whistleblowing\/","url":"https:\/\/srsgroup.se\/en\/services\/whistleblowing\/","name":"Whistleblowing | SRS Security","isPartOf":{"@id":"https:\/\/srsgroup.se\/#website"},"datePublished":"2022-07-27T07:28:20+00:00","dateModified":"2024-01-25T14:19:13+00:00","description":"SRS Security offers unique cutting-edge expertise in Swedish protective security legislation.","breadcrumb":{"@id":"https:\/\/srsgroup.se\/en\/services\/whistleblowing\/#breadcrumb"},"inLanguage":"en-US","potentialAction":[{"@type":"ReadAction","target":["https:\/\/srsgroup.se\/en\/services\/whistleblowing\/"]}]},{"@type":"BreadcrumbList","@id":"https:\/\/srsgroup.se\/en\/services\/whistleblowing\/#breadcrumb","itemListElement":[{"@type":"ListItem","position":1,"name":"Home","item":"https:\/\/srsgroup.se\/en\/"},{"@type":"ListItem","position":2,"name":"Services","item":"https:\/\/srsgroup.se\/en\/services\/"},{"@type":"ListItem","position":3,"name":"Whistleblowing"}]},{"@type":"WebSite","@id":"https:\/\/srsgroup.se\/#website","url":"https:\/\/srsgroup.se\/","name":"SRS Security","description":"Internationellt s\u00e4kerhetsbolag som s\u00e4krar f\u00f6retag, myndigheter och privatpersoner.","potentialAction":[{"@type":"SearchAction","target":{"@type":"EntryPoint","urlTemplate":"https:\/\/srsgroup.se\/?s={search_term_string}"},"query-input":{"@type":"PropertyValueSpecification","valueRequired":true,"valueName":"search_term_string"}}],"inLanguage":"en-US"}]}},"_links":{"self":[{"href":"https:\/\/srsgroup.se\/en\/wp-json\/wp\/v2\/pages\/6137","targetHints":{"allow":["GET"]}}],"collection":[{"href":"https:\/\/srsgroup.se\/en\/wp-json\/wp\/v2\/pages"}],"about":[{"href":"https:\/\/srsgroup.se\/en\/wp-json\/wp\/v2\/types\/page"}],"author":[{"embeddable":true,"href":"https:\/\/srsgroup.se\/en\/wp-json\/wp\/v2\/users\/23"}],"replies":[{"embeddable":true,"href":"https:\/\/srsgroup.se\/en\/wp-json\/wp\/v2\/comments?post=6137"}],"version-history":[{"count":1,"href":"https:\/\/srsgroup.se\/en\/wp-json\/wp\/v2\/pages\/6137\/revisions"}],"predecessor-version":[{"id":6216,"href":"https:\/\/srsgroup.se\/en\/wp-json\/wp\/v2\/pages\/6137\/revisions\/6216"}],"up":[{"embeddable":true,"href":"https:\/\/srsgroup.se\/en\/wp-json\/wp\/v2\/pages\/2768"}],"wp:attachment":[{"href":"https:\/\/srsgroup.se\/en\/wp-json\/wp\/v2\/media?parent=6137"}],"curies":[{"name":"wp","href":"https:\/\/api.w.org\/{rel}","templated":true}]}}