{"id":8002,"date":"2025-10-23T12:11:39","date_gmt":"2025-10-23T12:11:39","guid":{"rendered":"https:\/\/srsgroup.se\/?page_id=8002"},"modified":"2026-03-25T09:02:09","modified_gmt":"2026-03-25T09:02:09","slug":"privacypolicy","status":"publish","type":"page","link":"https:\/\/srsgroup.se\/en\/about-us\/csr-policyer\/privacypolicy\/","title":{"rendered":"Privacy Policy"},"content":{"rendered":"","protected":false},"excerpt":{"rendered":"","protected":false},"author":21,"featured_media":0,"parent":2873,"menu_order":0,"comment_status":"closed","ping_status":"closed","template":"","meta":{"_acf_changed":false,"footnotes":""},"class_list":["post-8002","page","type-page","status-publish","hentry"],"acf":[],"yoast_head":"<!-- This site is optimized with the Yoast SEO plugin v27.1 - https:\/\/yoast.com\/product\/yoast-seo-wordpress\/ -->\n<title>Privacy Policy | SRS Security<\/title>\n<meta name=\"description\" content=\"Privacy Policy\" \/>\n<meta name=\"robots\" content=\"index, follow, max-snippet:-1, max-image-preview:large, max-video-preview:-1\" \/>\n<link rel=\"canonical\" href=\"https:\/\/srsgroup.se\/en\/about-us\/csr-policyer\/privacypolicy\/\" \/>\n<meta property=\"og:locale\" content=\"en_US\" \/>\n<meta property=\"og:type\" content=\"article\" \/>\n<meta property=\"og:title\" content=\"Privacy Policy | SRS Security\" \/>\n<meta property=\"og:description\" content=\"Privacy Policy\" \/>\n<meta property=\"og:url\" content=\"https:\/\/srsgroup.se\/en\/about-us\/csr-policyer\/privacypolicy\/\" \/>\n<meta property=\"og:site_name\" content=\"SRS Security\" \/>\n<meta property=\"article:modified_time\" content=\"2026-03-25T09:02:09+00:00\" \/>\n<meta property=\"og:image\" content=\"https:\/\/srsgroup.se\/wp-content\/uploads\/2019\/03\/share-img-srs.png\" \/>\n\t<meta property=\"og:image:width\" content=\"1200\" \/>\n\t<meta property=\"og:image:height\" content=\"630\" \/>\n\t<meta property=\"og:image:type\" content=\"image\/png\" \/>\n<meta name=\"twitter:card\" content=\"summary_large_image\" \/>\n<meta name=\"twitter:label1\" content=\"Est. reading time\" \/>\n\t<meta name=\"twitter:data1\" content=\"1 minute\" \/>\n<script type=\"application\/ld+json\" class=\"yoast-schema-graph\">{\"@context\":\"https:\/\/schema.org\",\"@graph\":[{\"@type\":\"WebPage\",\"@id\":\"https:\/\/srsgroup.se\/en\/about-us\/csr-policyer\/privacypolicy\/\",\"url\":\"https:\/\/srsgroup.se\/en\/about-us\/csr-policyer\/privacypolicy\/\",\"name\":\"Privacy Policy | SRS Security\",\"isPartOf\":{\"@id\":\"https:\/\/srsgroup.se\/#website\"},\"datePublished\":\"2025-10-23T12:11:39+00:00\",\"dateModified\":\"2026-03-25T09:02:09+00:00\",\"description\":\"Privacy Policy\",\"breadcrumb\":{\"@id\":\"https:\/\/srsgroup.se\/en\/about-us\/csr-policyer\/privacypolicy\/#breadcrumb\"},\"inLanguage\":\"en-US\",\"potentialAction\":[{\"@type\":\"ReadAction\",\"target\":[\"https:\/\/srsgroup.se\/en\/about-us\/csr-policyer\/privacypolicy\/\"]}]},{\"@type\":\"BreadcrumbList\",\"@id\":\"https:\/\/srsgroup.se\/en\/about-us\/csr-policyer\/privacypolicy\/#breadcrumb\",\"itemListElement\":[{\"@type\":\"ListItem\",\"position\":1,\"name\":\"Home\",\"item\":\"https:\/\/srsgroup.se\/en\/\"},{\"@type\":\"ListItem\",\"position\":2,\"name\":\"About us\",\"item\":\"https:\/\/srsgroup.se\/en\/about-us\/\"},{\"@type\":\"ListItem\",\"position\":3,\"name\":\"CSR &#038; policies\",\"item\":\"https:\/\/srsgroup.se\/en\/about-us\/csr-policyer\/\"},{\"@type\":\"ListItem\",\"position\":4,\"name\":\"Privacy Policy\"}]},{\"@type\":\"WebSite\",\"@id\":\"https:\/\/srsgroup.se\/#website\",\"url\":\"https:\/\/srsgroup.se\/\",\"name\":\"SRS Security\",\"description\":\"Internationellt s\u00e4kerhetsbolag som s\u00e4krar f\u00f6retag, myndigheter och privatpersoner.\",\"potentialAction\":[{\"@type\":\"SearchAction\",\"target\":{\"@type\":\"EntryPoint\",\"urlTemplate\":\"https:\/\/srsgroup.se\/?s={search_term_string}\"},\"query-input\":{\"@type\":\"PropertyValueSpecification\",\"valueRequired\":true,\"valueName\":\"search_term_string\"}}],\"inLanguage\":\"en-US\"}]}<\/script>\n<!-- \/ Yoast SEO plugin. -->","yoast_head_json":{"title":"Privacy Policy | SRS Security","description":"Privacy Policy","robots":{"index":"index","follow":"follow","max-snippet":"max-snippet:-1","max-image-preview":"max-image-preview:large","max-video-preview":"max-video-preview:-1"},"canonical":"https:\/\/srsgroup.se\/en\/about-us\/csr-policyer\/privacypolicy\/","og_locale":"en_US","og_type":"article","og_title":"Privacy Policy | SRS Security","og_description":"Privacy Policy","og_url":"https:\/\/srsgroup.se\/en\/about-us\/csr-policyer\/privacypolicy\/","og_site_name":"SRS Security","article_modified_time":"2026-03-25T09:02:09+00:00","og_image":[{"width":1200,"height":630,"url":"https:\/\/srsgroup.se\/wp-content\/uploads\/2019\/03\/share-img-srs.png","type":"image\/png"}],"twitter_card":"summary_large_image","twitter_misc":{"Est. reading time":"1 minute"},"schema":{"@context":"https:\/\/schema.org","@graph":[{"@type":"WebPage","@id":"https:\/\/srsgroup.se\/en\/about-us\/csr-policyer\/privacypolicy\/","url":"https:\/\/srsgroup.se\/en\/about-us\/csr-policyer\/privacypolicy\/","name":"Privacy Policy | SRS Security","isPartOf":{"@id":"https:\/\/srsgroup.se\/#website"},"datePublished":"2025-10-23T12:11:39+00:00","dateModified":"2026-03-25T09:02:09+00:00","description":"Privacy Policy","breadcrumb":{"@id":"https:\/\/srsgroup.se\/en\/about-us\/csr-policyer\/privacypolicy\/#breadcrumb"},"inLanguage":"en-US","potentialAction":[{"@type":"ReadAction","target":["https:\/\/srsgroup.se\/en\/about-us\/csr-policyer\/privacypolicy\/"]}]},{"@type":"BreadcrumbList","@id":"https:\/\/srsgroup.se\/en\/about-us\/csr-policyer\/privacypolicy\/#breadcrumb","itemListElement":[{"@type":"ListItem","position":1,"name":"Home","item":"https:\/\/srsgroup.se\/en\/"},{"@type":"ListItem","position":2,"name":"About us","item":"https:\/\/srsgroup.se\/en\/about-us\/"},{"@type":"ListItem","position":3,"name":"CSR &#038; policies","item":"https:\/\/srsgroup.se\/en\/about-us\/csr-policyer\/"},{"@type":"ListItem","position":4,"name":"Privacy Policy"}]},{"@type":"WebSite","@id":"https:\/\/srsgroup.se\/#website","url":"https:\/\/srsgroup.se\/","name":"SRS Security","description":"Internationellt s\u00e4kerhetsbolag som s\u00e4krar f\u00f6retag, myndigheter och privatpersoner.","potentialAction":[{"@type":"SearchAction","target":{"@type":"EntryPoint","urlTemplate":"https:\/\/srsgroup.se\/?s={search_term_string}"},"query-input":{"@type":"PropertyValueSpecification","valueRequired":true,"valueName":"search_term_string"}}],"inLanguage":"en-US"}]}},"_links":{"self":[{"href":"https:\/\/srsgroup.se\/en\/wp-json\/wp\/v2\/pages\/8002","targetHints":{"allow":["GET"]}}],"collection":[{"href":"https:\/\/srsgroup.se\/en\/wp-json\/wp\/v2\/pages"}],"about":[{"href":"https:\/\/srsgroup.se\/en\/wp-json\/wp\/v2\/types\/page"}],"author":[{"embeddable":true,"href":"https:\/\/srsgroup.se\/en\/wp-json\/wp\/v2\/users\/21"}],"replies":[{"embeddable":true,"href":"https:\/\/srsgroup.se\/en\/wp-json\/wp\/v2\/comments?post=8002"}],"version-history":[{"count":11,"href":"https:\/\/srsgroup.se\/en\/wp-json\/wp\/v2\/pages\/8002\/revisions"}],"predecessor-version":[{"id":8183,"href":"https:\/\/srsgroup.se\/en\/wp-json\/wp\/v2\/pages\/8002\/revisions\/8183"}],"up":[{"embeddable":true,"href":"https:\/\/srsgroup.se\/en\/wp-json\/wp\/v2\/pages\/2873"}],"wp:attachment":[{"href":"https:\/\/srsgroup.se\/en\/wp-json\/wp\/v2\/media?parent=8002"}],"curies":[{"name":"wp","href":"https:\/\/api.w.org\/{rel}","templated":true}]}}